{"id":1254,"date":"2023-08-26T12:22:56","date_gmt":"2023-08-26T12:22:56","guid":{"rendered":"https:\/\/bestowconsultancy.com\/?page_id=1254"},"modified":"2025-08-14T14:52:20","modified_gmt":"2025-08-14T14:52:20","slug":"important-information","status":"publish","type":"page","link":"https:\/\/bestowconsultancy.com\/index.php\/important-information\/","title":{"rendered":"Important Information"},"content":{"rendered":"\t\t<div data-elementor-type=\"wp-page\" data-elementor-id=\"1254\" class=\"elementor elementor-1254\">\n\t\t\t\t\t\t<div class=\"elementor-inner\">\n\t\t\t\t<div class=\"elementor-section-wrap\">\n\t\t\t\t\t\t\t\t\t<section class=\"elementor-section elementor-top-section elementor-element elementor-element-17c5114 elementor-section-boxed elementor-section-height-default elementor-section-height-default\" data-id=\"17c5114\" data-element_type=\"section\">\n\t\t\t\t\t\t<div class=\"elementor-container elementor-column-gap-default\">\n\t\t\t\t\t\t\t<div class=\"elementor-row\">\n\t\t\t\t\t<div class=\"elementor-column elementor-col-100 elementor-top-column elementor-element elementor-element-ec62abf\" data-id=\"ec62abf\" data-element_type=\"column\">\n\t\t\t<div class=\"elementor-column-wrap elementor-element-populated\">\n\t\t\t\t\t\t\t<div class=\"elementor-widget-wrap\">\n\t\t\t\t\t\t<div class=\"elementor-element elementor-element-c3fbcdf elementor-widget elementor-widget-gva-services\" data-id=\"c3fbcdf\" data-element_type=\"widget\" data-widget_type=\"gva-services.default\">\n\t\t\t\t<div class=\"elementor-widget-container\">\n\t\t\t<div class=\"gva-element-gva-services gva-element\">\r\n<div class=\"gsc-services layout-grid\">\r\n   <div class=\"lg-block-grid-4 md-block-grid-4 sm-block-grid-2 xs-block-grid-1 xx-block-grid-1\">\r\n      <div class=\"item-columns\">\r\n\t\r\n\r\n\r\n\r\n<div class=\"service-four__single\"><div class=\"service-four__image\"><img decoding=\"async\" src=\"https:\/\/bestowconsultancy.com\/wp-content\/uploads\/2023\/08\/icai.jpg\" alt=\"ICAI \"\/><\/div><div class=\"service-four__content\"><div class=\"service-four__content-inner\"><span class=\"service-four__icon\"><span class=\"service-four__icon-inner\"><i aria-hidden=\"true\" class=\" flaticon-checkmark\"><\/i><\/span><\/span><h4 class=\"service-four__title\"><span>ICAI <\/span><\/h4><div class=\"service-four__desc\">Get ICAI Important Announcements and updates here.<\/div><div class=\"service-three__button\">\t\t  <a href=\"https:\/\/www.icai.org\/\" class=\"btn-inline\" target=\"_blank\">\r\n\t\t\t Read more\t\t  <\/a>\r\n\t\t  <\/div><\/div><\/div>\t\t  <a href=\"https:\/\/www.icai.org\/\" class=\"service-four__overlay-link\" target=\"_blank\"><\/a>\r\n\t\t  <\/div><\/div><div class=\"item-columns\">\r\n\t\r\n\r\n\r\n\r\n<div class=\"service-four__single\"><div class=\"service-four__image\"><img decoding=\"async\" src=\"https:\/\/bestowconsultancy.com\/wp-content\/uploads\/2023\/08\/gst.jpg\" alt=\"GST\"\/><\/div><div class=\"service-four__content\"><div class=\"service-four__content-inner\"><span class=\"service-four__icon\"><span class=\"service-four__icon-inner\"><i aria-hidden=\"true\" class=\" flaticon-checkmark\"><\/i><\/span><\/span><h4 class=\"service-four__title\"><span>GST<\/span><\/h4><div class=\"service-four__desc\">Get GST Important Announcements and updates here.<\/div><div class=\"service-three__button\">\t\t  <a href=\"https:\/\/www.gst.gov.in\/\" class=\"btn-inline\" target=\"_blank\">\r\n\t\t\t Read more\t\t  <\/a>\r\n\t\t  <\/div><\/div><\/div>\t\t  <a href=\"https:\/\/www.gst.gov.in\/\" class=\"service-four__overlay-link\" target=\"_blank\"><\/a>\r\n\t\t  <\/div><\/div><div class=\"item-columns\">\r\n\t\r\n\r\n\r\n\r\n<div class=\"service-four__single\"><div class=\"service-four__image\"><img decoding=\"async\" src=\"https:\/\/bestowconsultancy.com\/wp-content\/uploads\/2023\/08\/incometax.jpg\" alt=\"Income Tax\"\/><\/div><div class=\"service-four__content\"><div class=\"service-four__content-inner\"><span class=\"service-four__icon\"><span class=\"service-four__icon-inner\"><i aria-hidden=\"true\" class=\" flaticon-checkmark\"><\/i><\/span><\/span><h4 class=\"service-four__title\"><span>Income Tax<\/span><\/h4><div class=\"service-four__desc\">Get Income Tax Important Announcements and updates here.<\/div><div class=\"service-three__button\">\t\t  <a href=\"https:\/\/incometaxindia.gov.in\/\" class=\"btn-inline\" target=\"_blank\">\r\n\t\t\t Read more\t\t  <\/a>\r\n\t\t  <\/div><\/div><\/div>\t\t  <a href=\"https:\/\/incometaxindia.gov.in\/\" class=\"service-four__overlay-link\" target=\"_blank\"><\/a>\r\n\t\t  <\/div><\/div><div class=\"item-columns\">\r\n\t\r\n\r\n\r\n\r\n<div class=\"service-four__single\"><div class=\"service-four__image\"><img decoding=\"async\" src=\"https:\/\/bestowconsultancy.com\/wp-content\/uploads\/2023\/08\/et.jpg\" alt=\"Economic Times\"\/><\/div><div class=\"service-four__content\"><div class=\"service-four__content-inner\"><span class=\"service-four__icon\"><span class=\"service-four__icon-inner\"><i aria-hidden=\"true\" class=\" flaticon-checkmark\"><\/i><\/span><\/span><h4 class=\"service-four__title\"><span>Economic Times<\/span><\/h4><div class=\"service-four__desc\">Get Economic Times Important News and updates here.<\/div><div class=\"service-three__button\">\t\t  <a href=\"https:\/\/economictimes.indiatimes.com\/\" class=\"btn-inline\" target=\"_blank\">\r\n\t\t\t Read more\t\t  <\/a>\r\n\t\t  <\/div><\/div><\/div>\t\t  <a href=\"https:\/\/economictimes.indiatimes.com\/\" class=\"service-four__overlay-link\" target=\"_blank\"><\/a>\r\n\t\t  <\/div><\/div><div class=\"item-columns\">\r\n\t\r\n\r\n\r\n\r\n<div class=\"service-four__single\"><div class=\"service-four__image\"><img decoding=\"async\" src=\"https:\/\/bestowconsultancy.com\/wp-content\/uploads\/2023\/08\/hindustan-times.jpg\" alt=\"Hindustan Times\"\/><\/div><div class=\"service-four__content\"><div class=\"service-four__content-inner\"><span class=\"service-four__icon\"><span class=\"service-four__icon-inner\"><i aria-hidden=\"true\" class=\" flaticon-checkmark\"><\/i><\/span><\/span><h4 class=\"service-four__title\"><span>Hindustan Times<\/span><\/h4><div class=\"service-four__desc\">Get Hindustan Times Important News and updates here.<\/div><div class=\"service-three__button\">\t\t  <a href=\"https:\/\/www.hindustantimes.com\/\" class=\"btn-inline\" target=\"_blank\">\r\n\t\t\t Read more\t\t  <\/a>\r\n\t\t  <\/div><\/div><\/div>\t\t  <a href=\"https:\/\/www.hindustantimes.com\/\" class=\"service-four__overlay-link\" target=\"_blank\"><\/a>\r\n\t\t  <\/div><\/div><div class=\"item-columns\">\r\n\t\r\n\r\n\r\n\r\n<div class=\"service-four__single\"><div class=\"service-four__image\"><img decoding=\"async\" src=\"https:\/\/bestowconsultancy.com\/wp-content\/uploads\/2023\/08\/aajtak.jpg\" alt=\"Aaj Tak\"\/><\/div><div class=\"service-four__content\"><div class=\"service-four__content-inner\"><span class=\"service-four__icon\"><span class=\"service-four__icon-inner\"><i aria-hidden=\"true\" class=\" flaticon-checkmark\"><\/i><\/span><\/span><h4 class=\"service-four__title\"><span>Aaj Tak<\/span><\/h4><div class=\"service-four__desc\">Get Aaj Tak Important and Breaking News and updates here.<\/div><div class=\"service-three__button\">\t\t  <a href=\"https:\/\/www.cbic.gov.in\/ \" class=\"btn-inline\" target=\"_blank\">\r\n\t\t\t Read more\t\t  <\/a>\r\n\t\t  <\/div><\/div><\/div>\t\t  <a href=\"https:\/\/www.cbic.gov.in\/ \" class=\"service-four__overlay-link\" target=\"_blank\"><\/a>\r\n\t\t  <\/div><\/div><div class=\"item-columns\">\r\n\t\r\n\r\n\r\n\r\n<div class=\"service-four__single\"><div class=\"service-four__image\"><img decoding=\"async\" src=\"https:\/\/bestowconsultancy.com\/wp-content\/uploads\/2023\/08\/cbic.jpg\" alt=\"CBIC\"\/><\/div><div class=\"service-four__content\"><div class=\"service-four__content-inner\"><span class=\"service-four__icon\"><span class=\"service-four__icon-inner\"><i aria-hidden=\"true\" class=\" flaticon-checkmark\"><\/i><\/span><\/span><h4 class=\"service-four__title\"><span>CBIC<\/span><\/h4><div class=\"service-four__desc\">Get CBIC Important Announcements and updates here.<\/div><div class=\"service-three__button\">\t\t  <a href=\"https:\/\/www.cbic.gov.in\/ \" class=\"btn-inline\" target=\"_blank\">\r\n\t\t\t Read more\t\t  <\/a>\r\n\t\t  <\/div><\/div><\/div>\t\t  <a href=\"https:\/\/www.cbic.gov.in\/ \" class=\"service-four__overlay-link\" target=\"_blank\"><\/a>\r\n\t\t  <\/div><\/div><div class=\"item-columns\">\r\n\t\r\n\r\n\r\n\r\n<div class=\"service-four__single\"><div class=\"service-four__image\"><img decoding=\"async\" src=\"https:\/\/bestowconsultancy.com\/wp-content\/uploads\/2023\/08\/tds.jpg\" alt=\"TDS Traces\"\/><\/div><div class=\"service-four__content\"><div class=\"service-four__content-inner\"><span class=\"service-four__icon\"><span class=\"service-four__icon-inner\"><i aria-hidden=\"true\" class=\" flaticon-checkmark\"><\/i><\/span><\/span><h4 class=\"service-four__title\"><span>TDS Traces<\/span><\/h4><div class=\"service-four__desc\">Get TDS Traces Important Announcements and updates here.<\/div><div class=\"service-three__button\">\t\t  <a href=\"https:\/\/contents.tdscpc.gov.in\/\" class=\"btn-inline\" target=\"_blank\">\r\n\t\t\t Read more\t\t  <\/a>\r\n\t\t  <\/div><\/div><\/div>\t\t  <a href=\"https:\/\/contents.tdscpc.gov.in\/\" class=\"service-four__overlay-link\" target=\"_blank\"><\/a>\r\n\t\t  <\/div><\/div><div class=\"item-columns\">\r\n\t\r\n\r\n\r\n\r\n<div class=\"service-four__single\"><div class=\"service-four__image\"><img decoding=\"async\" src=\"https:\/\/bestowconsultancy.com\/wp-content\/uploads\/2023\/08\/udia.jpg\" alt=\"UDIN\"\/><\/div><div class=\"service-four__content\"><div class=\"service-four__content-inner\"><span class=\"service-four__icon\"><span class=\"service-four__icon-inner\"><i aria-hidden=\"true\" class=\" flaticon-checkmark\"><\/i><\/span><\/span><h4 class=\"service-four__title\"><span>UDIN<\/span><\/h4><div class=\"service-four__desc\">Get UDIN Important Announcements and updates here.<\/div><div class=\"service-three__button\">\t\t  <a href=\"https:\/\/udin.icai.org\/\" class=\"btn-inline\">\r\n\t\t\t Read more\t\t  <\/a>\r\n\t\t  <\/div><\/div><\/div>\t\t  <a href=\"https:\/\/udin.icai.org\/\" class=\"service-four__overlay-link\"><\/a>\r\n\t\t  <\/div><\/div><div class=\"item-columns\">\r\n\t\r\n\r\n\r\n\r\n<div class=\"service-four__single\"><div class=\"service-four__image\"><img decoding=\"async\" src=\"https:\/\/bestowconsultancy.com\/wp-content\/uploads\/2023\/08\/youtubee.jpg\" alt=\"YouTube\"\/><\/div><div class=\"service-four__content\"><div class=\"service-four__content-inner\"><span class=\"service-four__icon\"><span class=\"service-four__icon-inner\"><i aria-hidden=\"true\" class=\" flaticon-checkmark\"><\/i><\/span><\/span><h4 class=\"service-four__title\"><span>YouTube<\/span><\/h4><div class=\"service-four__desc\">Get YouTube Important Announcements and updates here.<\/div><div class=\"service-three__button\">\t\t  <a href=\"https:\/\/www.youtube.com\/\" class=\"btn-inline\" target=\"_blank\">\r\n\t\t\t Read more\t\t  <\/a>\r\n\t\t  <\/div><\/div><\/div>\t\t  <a href=\"https:\/\/www.youtube.com\/\" class=\"service-four__overlay-link\" target=\"_blank\"><\/a>\r\n\t\t  <\/div><\/div>   <\/div>\r\n<\/div>\r\n<\/div>\t\t<\/div>\n\t\t\t\t<\/div>\n\t\t\t\t\t\t<\/div>\n\t\t\t\t\t<\/div>\n\t\t<\/div>\n\t\t\t\t\t\t\t\t<\/div>\n\t\t\t\t\t<\/div>\n\t\t<\/section>\n\t\t\t\t\t\t\t\t\t<\/div>\n\t\t\t<\/div>\n\t\t\t\t\t<\/div>\n\t\t","protected":false},"excerpt":{"rendered":"<p>sistema de aposta plana consiste em fazer apostas fixas em v\u00e1rias etapas a fim de gerenciar o saldo. B\u00f4nus di\u00e1rios Para todos os jogadores . Um m\u00e9todo avan\u00e7ado \u00e9 o apostas espec\u00edficas, no qual os jogadores definem um valor alvo. Ofertas semanais esperam por voc\u00ea para recompens\u00e1-lo, bem como surpresas escondidas. Os clientes podem acessar [&hellip;]<\/p>\n","protected":false},"author":1,"featured_media":0,"parent":0,"menu_order":0,"comment_status":"closed","ping_status":"closed","template":"","meta":{"footnotes":""},"_links":{"self":[{"href":"https:\/\/bestowconsultancy.com\/index.php\/wp-json\/wp\/v2\/pages\/1254"}],"collection":[{"href":"https:\/\/bestowconsultancy.com\/index.php\/wp-json\/wp\/v2\/pages"}],"about":[{"href":"https:\/\/bestowconsultancy.com\/index.php\/wp-json\/wp\/v2\/types\/page"}],"author":[{"embeddable":true,"href":"https:\/\/bestowconsultancy.com\/index.php\/wp-json\/wp\/v2\/users\/1"}],"replies":[{"embeddable":true,"href":"https:\/\/bestowconsultancy.com\/index.php\/wp-json\/wp\/v2\/comments?post=1254"}],"version-history":[{"count":77,"href":"https:\/\/bestowconsultancy.com\/index.php\/wp-json\/wp\/v2\/pages\/1254\/revisions"}],"predecessor-version":[{"id":1447,"href":"https:\/\/bestowconsultancy.com\/index.php\/wp-json\/wp\/v2\/pages\/1254\/revisions\/1447"}],"wp:attachment":[{"href":"https:\/\/bestowconsultancy.com\/index.php\/wp-json\/wp\/v2\/media?parent=1254"}],"curies":[{"name":"wp","href":"https:\/\/api.w.org\/{rel}","templated":true}]}}