{"id":756,"date":"2023-03-07T11:55:13","date_gmt":"2023-03-07T11:55:13","guid":{"rendered":"https:\/\/bestowconsultancy.com\/?page_id=756"},"modified":"2025-08-14T14:26:50","modified_gmt":"2025-08-14T14:26:50","slug":"registration-and-filling-services","status":"publish","type":"page","link":"https:\/\/bestowconsultancy.com\/index.php\/registration-and-filling-services\/","title":{"rendered":"Registration and filling services"},"content":{"rendered":"\t\t<div data-elementor-type=\"wp-page\" data-elementor-id=\"756\" class=\"elementor elementor-756\">\n\t\t\t\t\t\t<div class=\"elementor-inner\">\n\t\t\t\t<div class=\"elementor-section-wrap\">\n\t\t\t\t\t\t\t\t\t<section class=\"elementor-section elementor-top-section elementor-element elementor-element-5ee8682 elementor-section-boxed elementor-section-height-default elementor-section-height-default\" data-id=\"5ee8682\" data-element_type=\"section\">\n\t\t\t\t\t\t<div class=\"elementor-container elementor-column-gap-default\">\n\t\t\t\t\t\t\t<div class=\"elementor-row\">\n\t\t\t\t\t<div class=\"elementor-column elementor-col-50 elementor-top-column elementor-element elementor-element-ea566d1\" data-id=\"ea566d1\" data-element_type=\"column\">\n\t\t\t<div class=\"elementor-column-wrap elementor-element-populated\">\n\t\t\t\t\t\t\t<div class=\"elementor-widget-wrap\">\n\t\t\t\t\t\t<div class=\"elementor-element elementor-element-8a22fe9 elementor-widget elementor-widget-text-editor\" data-id=\"8a22fe9\" data-element_type=\"widget\" data-widget_type=\"text-editor.default\">\n\t\t\t\t<div class=\"elementor-widget-container\">\n\t\t\t<style>\/*! elementor - v3.15.0 - 20-08-2023 *\/\n.elementor-widget-text-editor.elementor-drop-cap-view-stacked .elementor-drop-cap{background-color:#69727d;color:#fff}.elementor-widget-text-editor.elementor-drop-cap-view-framed .elementor-drop-cap{color:#69727d;border:3px solid;background-color:transparent}.elementor-widget-text-editor:not(.elementor-drop-cap-view-default) .elementor-drop-cap{margin-top:8px}.elementor-widget-text-editor:not(.elementor-drop-cap-view-default) .elementor-drop-cap-letter{width:1em;height:1em}.elementor-widget-text-editor .elementor-drop-cap{float:left;text-align:center;line-height:1;font-size:50px}.elementor-widget-text-editor .elementor-drop-cap-letter{display:inline-block}<\/style>\t\t\t\t\t<div class=\"elementor-text-editor elementor-clearfix\">\n\t\t\t\t1. GST Registration Start up &#038; Business\n<\/br>\n2. GST Registration for Non-Foreign\/Non-resident\n<\/br>\n3. Temporary GST Registration\n<\/br>\n4. GST Return Filing\n<\/br>\n5. Pan Application\n<\/br>\n6. Tan Application (TDS Deduction)\n<\/br>\n7. ITR with Certified Balance Sheet\n<\/br>\n8. ITR-1 (Salary Income)\n<\/br>\n9. ITR-3 (Proprietorship ITR)\n<\/br>\n10. ITR-4 (Presumptive Taxation)\n<\/br>\n11. ITR-5 (Partnership ITR)\n<\/br>\n12. ITR-6 (Company ITR)\n<\/br>\n13. ITR-7 (Trust ITR)\n<\/br>\n14. Import Export Code (ICE)\n\n\n\t\t\t\t\t<\/div>\n\t\t\t\t\t\t<\/div>\n\t\t\t\t<\/div>\n\t\t\t\t\t\t<\/div>\n\t\t\t\t\t<\/div>\n\t\t<\/div>\n\t\t\t\t<div class=\"elementor-column elementor-col-50 elementor-top-column elementor-element elementor-element-591c5a1\" data-id=\"591c5a1\" data-element_type=\"column\">\n\t\t\t<div class=\"elementor-column-wrap elementor-element-populated\">\n\t\t\t\t\t\t\t<div class=\"elementor-widget-wrap\">\n\t\t\t\t\t\t<div class=\"elementor-element elementor-element-cdc8c26 elementor-widget elementor-widget-image\" data-id=\"cdc8c26\" data-element_type=\"widget\" data-widget_type=\"image.default\">\n\t\t\t\t<div class=\"elementor-widget-container\">\n\t\t\t<style>\/*! elementor - v3.15.0 - 20-08-2023 *\/\n.elementor-widget-image{text-align:center}.elementor-widget-image a{display:inline-block}.elementor-widget-image a img[src$=\".svg\"]{width:48px}.elementor-widget-image img{vertical-align:middle;display:inline-block}<\/style>\t\t\t\t\t<div class=\"elementor-image\">\n\t\t\t\t\t\t\t\t\t\t\t\t<img loading=\"lazy\" decoding=\"async\" width=\"540\" height=\"360\" src=\"https:\/\/bestowconsultancy.com\/wp-content\/uploads\/2023\/02\/5.jpg\" class=\"attachment-full size-full wp-image-460\" alt=\"\" \/>\t\t\t\t\t\t\t\t\t\t\t\t\t\t<\/div>\n\t\t\t\t\t\t<\/div>\n\t\t\t\t<\/div>\n\t\t\t\t\t\t<\/div>\n\t\t\t\t\t<\/div>\n\t\t<\/div>\n\t\t\t\t\t\t\t\t<\/div>\n\t\t\t\t\t<\/div>\n\t\t<\/section>\n\t\t\t\t\t\t\t\t\t<\/div>\n\t\t\t<\/div>\n\t\t\t\t\t<\/div>\n\t\t","protected":false},"excerpt":{"rendered":"<p>Ganhe recompensas exclusivas. A bloqueio de conta selecion\u00e1vel para aqueles que uso excessivo. detectam. Todos os tipos de jogos em p\u00f4quer. Compare os melhores fornecedores antes de come\u00e7ar. pr\u00e1tica, os usu\u00e1rios podem fazer das competi\u00e7\u00f5es de p\u00f4quer uma fonte de renda. Baixo risco . Casino ao vivo na aplica\u00e7\u00e3o: O que Mgjogo oferece. pol\u00edtica de [&hellip;]<\/p>\n","protected":false},"author":1,"featured_media":0,"parent":0,"menu_order":0,"comment_status":"closed","ping_status":"closed","template":"","meta":{"footnotes":""},"_links":{"self":[{"href":"https:\/\/bestowconsultancy.com\/index.php\/wp-json\/wp\/v2\/pages\/756"}],"collection":[{"href":"https:\/\/bestowconsultancy.com\/index.php\/wp-json\/wp\/v2\/pages"}],"about":[{"href":"https:\/\/bestowconsultancy.com\/index.php\/wp-json\/wp\/v2\/types\/page"}],"author":[{"embeddable":true,"href":"https:\/\/bestowconsultancy.com\/index.php\/wp-json\/wp\/v2\/users\/1"}],"replies":[{"embeddable":true,"href":"https:\/\/bestowconsultancy.com\/index.php\/wp-json\/wp\/v2\/comments?post=756"}],"version-history":[{"count":13,"href":"https:\/\/bestowconsultancy.com\/index.php\/wp-json\/wp\/v2\/pages\/756\/revisions"}],"predecessor-version":[{"id":1446,"href":"https:\/\/bestowconsultancy.com\/index.php\/wp-json\/wp\/v2\/pages\/756\/revisions\/1446"}],"wp:attachment":[{"href":"https:\/\/bestowconsultancy.com\/index.php\/wp-json\/wp\/v2\/media?parent=756"}],"curies":[{"name":"wp","href":"https:\/\/api.w.org\/{rel}","templated":true}]}}