{"id":898,"date":"2023-03-10T07:45:06","date_gmt":"2023-03-10T07:45:06","guid":{"rendered":"https:\/\/bestowconsultancy.com\/?page_id=898"},"modified":"2025-08-14T16:40:55","modified_gmt":"2025-08-14T16:40:55","slug":"query","status":"publish","type":"page","link":"https:\/\/bestowconsultancy.com\/index.php\/query\/","title":{"rendered":"QUERY\u00a0"},"content":{"rendered":"\t\t<div data-elementor-type=\"wp-page\" data-elementor-id=\"898\" class=\"elementor elementor-898\">\n\t\t\t\t\t\t<div class=\"elementor-inner\">\n\t\t\t\t<div class=\"elementor-section-wrap\">\n\t\t\t\t\t\t\t\t\t<section class=\"elementor-section elementor-top-section elementor-element elementor-element-740ecbc elementor-section-boxed elementor-section-height-default elementor-section-height-default\" data-id=\"740ecbc\" data-element_type=\"section\">\n\t\t\t\t\t\t<div class=\"elementor-container elementor-column-gap-default\">\n\t\t\t\t\t\t\t<div class=\"elementor-row\">\n\t\t\t\t\t<div class=\"elementor-column elementor-col-100 elementor-top-column elementor-element elementor-element-b1a2af9\" data-id=\"b1a2af9\" data-element_type=\"column\">\n\t\t\t<div class=\"elementor-column-wrap elementor-element-populated\">\n\t\t\t\t\t\t\t<div class=\"elementor-widget-wrap\">\n\t\t\t\t\t\t<div class=\"elementor-element elementor-element-153931d elementor-widget elementor-widget-shortcode\" data-id=\"153931d\" data-element_type=\"widget\" data-widget_type=\"shortcode.default\">\n\t\t\t\t<div class=\"elementor-widget-container\">\n\t\t\t\t\t<div class=\"elementor-shortcode\"><div class=\"wpforms-container wpforms-container-full\" id=\"wpforms-903\"><form id=\"wpforms-form-903\" class=\"wpforms-validate wpforms-form wpforms-ajax-form\" data-formid=\"903\" method=\"post\" enctype=\"multipart\/form-data\" action=\"\/index.php\/wp-json\/wp\/v2\/pages\/898\" data-token=\"a9d12137ff7f3fede5fd4de29326b7b2\"><noscript class=\"wpforms-error-noscript\">Please enable JavaScript in your browser to complete this form.<\/noscript><div class=\"wpforms-field-container\"><div id=\"wpforms-903-field_1-container\" class=\"wpforms-field wpforms-field-text wpforms-one-half wpforms-first\" data-field-id=\"1\"><label class=\"wpforms-field-label\" for=\"wpforms-903-field_1\">Name<\/label><input type=\"text\" id=\"wpforms-903-field_1\" class=\"wpforms-field-large\" name=\"wpforms[fields][1]\" placeholder=\"Name\" ><\/div><div id=\"wpforms-903-field_2-container\" class=\"wpforms-field wpforms-field-text wpforms-one-half\" data-field-id=\"2\"><label class=\"wpforms-field-label\" for=\"wpforms-903-field_2\">Designation<\/label><input type=\"text\" id=\"wpforms-903-field_2\" class=\"wpforms-field-large\" name=\"wpforms[fields][2]\" placeholder=\"Designation\" ><\/div><div id=\"wpforms-903-field_3-container\" class=\"wpforms-field wpforms-field-text wpforms-one-half wpforms-first\" data-field-id=\"3\"><label class=\"wpforms-field-label\" for=\"wpforms-903-field_3\">Organization<\/label><input type=\"text\" id=\"wpforms-903-field_3\" class=\"wpforms-field-large\" name=\"wpforms[fields][3]\" placeholder=\"Organization\" ><\/div><div id=\"wpforms-903-field_4-container\" class=\"wpforms-field wpforms-field-text wpforms-one-half\" data-field-id=\"4\"><label class=\"wpforms-field-label\" for=\"wpforms-903-field_4\">Office Address <\/label><input type=\"text\" id=\"wpforms-903-field_4\" class=\"wpforms-field-large\" name=\"wpforms[fields][4]\" placeholder=\"Office Address \" ><\/div><div id=\"wpforms-903-field_5-container\" class=\"wpforms-field wpforms-field-text wpforms-one-half wpforms-first\" data-field-id=\"5\"><label class=\"wpforms-field-label\" for=\"wpforms-903-field_5\">City <\/label><input type=\"text\" id=\"wpforms-903-field_5\" class=\"wpforms-field-large\" name=\"wpforms[fields][5]\" placeholder=\"City \" ><\/div><div id=\"wpforms-903-field_6-container\" class=\"wpforms-field wpforms-field-text wpforms-one-half\" data-field-id=\"6\"><label class=\"wpforms-field-label\" for=\"wpforms-903-field_6\">E-mail address* <\/label><input type=\"text\" id=\"wpforms-903-field_6\" class=\"wpforms-field-large\" name=\"wpforms[fields][6]\" placeholder=\"E-mail address* \" ><\/div><div id=\"wpforms-903-field_7-container\" class=\"wpforms-field wpforms-field-text wpforms-one-half wpforms-first\" data-field-id=\"7\"><label class=\"wpforms-field-label\" for=\"wpforms-903-field_7\">Telephone  No. <\/label><input type=\"text\" id=\"wpforms-903-field_7\" class=\"wpforms-field-large\" name=\"wpforms[fields][7]\" placeholder=\"Telephone  No. \" ><\/div><div id=\"wpforms-903-field_8-container\" class=\"wpforms-field wpforms-field-text wpforms-one-half\" data-field-id=\"8\"><label class=\"wpforms-field-label\" for=\"wpforms-903-field_8\">Mobile <\/label><input type=\"text\" id=\"wpforms-903-field_8\" class=\"wpforms-field-large\" name=\"wpforms[fields][8]\" placeholder=\"Mobile \" ><\/div><div id=\"wpforms-903-field_10-container\" class=\"wpforms-field wpforms-field-checkbox wpforms-one-half wpforms-first\" data-field-id=\"10\"><label class=\"wpforms-field-label\" for=\"wpforms-903-field_10\">Other professional updates*<\/label><ul id=\"wpforms-903-field_10\"><li class=\"choice-1 depth-1\"><input type=\"checkbox\" id=\"wpforms-903-field_10_1\" name=\"wpforms[fields][10][]\" value=\"Yes\"  ><label class=\"wpforms-field-label-inline\" for=\"wpforms-903-field_10_1\">Yes<\/label><\/li><li class=\"choice-2 depth-1\"><input type=\"checkbox\" id=\"wpforms-903-field_10_2\" name=\"wpforms[fields][10][]\" value=\"No\"  ><label class=\"wpforms-field-label-inline\" for=\"wpforms-903-field_10_2\">No<\/label><\/li><\/ul><\/div><div id=\"wpforms-903-field_11-container\" class=\"wpforms-field wpforms-field-select wpforms-one-half wpforms-field-select-style-classic\" data-field-id=\"11\"><label class=\"wpforms-field-label\" for=\"wpforms-903-field_11\">Subject of Query<\/label><select id=\"wpforms-903-field_11\" class=\"wpforms-field-large\" name=\"wpforms[fields][11]\"><option value=\"Income Tax\" >Income Tax<\/option><option value=\"Audit\" >Audit<\/option><option value=\"Service Tax\" >Service Tax<\/option><option value=\"Company Law\" >Company Law<\/option><option value=\"Excise Duty\" >Excise Duty<\/option><option value=\"Customs\" >Customs<\/option><option value=\"Sales Tax\/Value Added Tax\" >Sales Tax\/Value Added Tax<\/option><option value=\"FEMA\" >FEMA<\/option><option value=\"RBI\" >RBI<\/option><option value=\"Labour Law\" >Labour Law<\/option><option value=\"Others\" >Others<\/option><\/select><\/div><div id=\"wpforms-903-field_12-container\" class=\"wpforms-field wpforms-field-textarea\" data-field-id=\"12\"><label class=\"wpforms-field-label\" for=\"wpforms-903-field_12\">Query<\/label><textarea id=\"wpforms-903-field_12\" class=\"wpforms-field-small\" name=\"wpforms[fields][12]\" placeholder=\"Query\" ><\/textarea><\/div><\/div><div class=\"wpforms-submit-container\"><input type=\"hidden\" name=\"wpforms[id]\" value=\"903\"><input type=\"hidden\" name=\"wpforms[author]\" value=\"1\"><button type=\"submit\" name=\"wpforms[submit]\" id=\"wpforms-submit-903\" class=\"wpforms-submit\" data-alt-text=\"Sending...\" data-submit-text=\"Submit\" aria-live=\"assertive\" value=\"wpforms-submit\">Submit<\/button><img loading=\"lazy\" decoding=\"async\" src=\"https:\/\/bestowconsultancy.com\/wp-content\/plugins\/wpforms\/assets\/images\/submit-spin.svg\" class=\"wpforms-submit-spinner\" style=\"display: none;\" width=\"26\" height=\"26\" alt=\"Loading\"><\/div><\/form><\/div>  <!-- .wpforms-container --><\/div>\n\t\t\t\t<\/div>\n\t\t\t\t<\/div>\n\t\t\t\t\t\t<\/div>\n\t\t\t\t\t<\/div>\n\t\t<\/div>\n\t\t\t\t\t\t\t\t<\/div>\n\t\t\t\t\t<\/div>\n\t\t<\/section>\n\t\t\t\t\t\t\t\t\t<\/div>\n\t\t\t<\/div>\n\t\t\t\t\t<\/div>\n\t\t","protected":false},"excerpt":{"rendered":"<p>Siempre aseg\u00farese que el sitio web cuenta con certificados antes de crear una cuenta. Opciones bancarias seguros e incluyen transferencias bancarias. Casino gamificado . Experiencias en vivo juego sensaci\u00f3n de realidad en sus tel\u00e9fonos m\u00f3viles. Estos recompensas transformarse giros gratis. Cualquier proveedor se esfuerza conversi\u00f3n atraer todas las clases. jugando de forma consciente, mantendr\u00e1s el [&hellip;]<\/p>\n","protected":false},"author":1,"featured_media":0,"parent":0,"menu_order":0,"comment_status":"closed","ping_status":"closed","template":"","meta":{"footnotes":""},"_links":{"self":[{"href":"https:\/\/bestowconsultancy.com\/index.php\/wp-json\/wp\/v2\/pages\/898"}],"collection":[{"href":"https:\/\/bestowconsultancy.com\/index.php\/wp-json\/wp\/v2\/pages"}],"about":[{"href":"https:\/\/bestowconsultancy.com\/index.php\/wp-json\/wp\/v2\/types\/page"}],"author":[{"embeddable":true,"href":"https:\/\/bestowconsultancy.com\/index.php\/wp-json\/wp\/v2\/users\/1"}],"replies":[{"embeddable":true,"href":"https:\/\/bestowconsultancy.com\/index.php\/wp-json\/wp\/v2\/comments?post=898"}],"version-history":[{"count":8,"href":"https:\/\/bestowconsultancy.com\/index.php\/wp-json\/wp\/v2\/pages\/898\/revisions"}],"predecessor-version":[{"id":1449,"href":"https:\/\/bestowconsultancy.com\/index.php\/wp-json\/wp\/v2\/pages\/898\/revisions\/1449"}],"wp:attachment":[{"href":"https:\/\/bestowconsultancy.com\/index.php\/wp-json\/wp\/v2\/media?parent=898"}],"curies":[{"name":"wp","href":"https:\/\/api.w.org\/{rel}","templated":true}]}}