{"id":918,"date":"2023-03-10T08:22:38","date_gmt":"2023-03-10T08:22:38","guid":{"rendered":"https:\/\/bestowconsultancy.com\/?page_id=918"},"modified":"2025-08-14T16:50:00","modified_gmt":"2025-08-14T16:50:00","slug":"career","status":"publish","type":"page","link":"https:\/\/bestowconsultancy.com\/index.php\/career\/","title":{"rendered":"Career"},"content":{"rendered":"\t\t<div data-elementor-type=\"wp-page\" data-elementor-id=\"918\" class=\"elementor elementor-918\">\n\t\t\t\t\t\t<div class=\"elementor-inner\">\n\t\t\t\t<div class=\"elementor-section-wrap\">\n\t\t\t\t\t\t\t\t\t<section class=\"elementor-section elementor-top-section elementor-element elementor-element-01ef32f elementor-section-boxed elementor-section-height-default elementor-section-height-default\" data-id=\"01ef32f\" data-element_type=\"section\">\n\t\t\t\t\t\t<div class=\"elementor-container elementor-column-gap-default\">\n\t\t\t\t\t\t\t<div class=\"elementor-row\">\n\t\t\t\t\t<div class=\"elementor-column elementor-col-100 elementor-top-column elementor-element elementor-element-81cb764\" data-id=\"81cb764\" data-element_type=\"column\">\n\t\t\t<div class=\"elementor-column-wrap elementor-element-populated\">\n\t\t\t\t\t\t\t<div class=\"elementor-widget-wrap\">\n\t\t\t\t\t\t<div class=\"elementor-element elementor-element-6179361 elementor-widget elementor-widget-heading\" data-id=\"6179361\" data-element_type=\"widget\" data-widget_type=\"heading.default\">\n\t\t\t\t<div class=\"elementor-widget-container\">\n\t\t\t<style>\/*! elementor - v3.15.0 - 20-08-2023 *\/\n.elementor-heading-title{padding:0;margin:0;line-height:1}.elementor-widget-heading .elementor-heading-title[class*=elementor-size-]>a{color:inherit;font-size:inherit;line-height:inherit}.elementor-widget-heading .elementor-heading-title.elementor-size-small{font-size:15px}.elementor-widget-heading .elementor-heading-title.elementor-size-medium{font-size:19px}.elementor-widget-heading .elementor-heading-title.elementor-size-large{font-size:29px}.elementor-widget-heading .elementor-heading-title.elementor-size-xl{font-size:39px}.elementor-widget-heading .elementor-heading-title.elementor-size-xxl{font-size:59px}<\/style><h2 class=\"elementor-heading-title elementor-size-default\">APPLY HERE<\/h2>\t\t<\/div>\n\t\t\t\t<\/div>\n\t\t\t\t<div class=\"elementor-element elementor-element-bfc4aa6 elementor-widget elementor-widget-text-editor\" data-id=\"bfc4aa6\" data-element_type=\"widget\" data-widget_type=\"text-editor.default\">\n\t\t\t\t<div class=\"elementor-widget-container\">\n\t\t\t<style>\/*! elementor - v3.15.0 - 20-08-2023 *\/\n.elementor-widget-text-editor.elementor-drop-cap-view-stacked .elementor-drop-cap{background-color:#69727d;color:#fff}.elementor-widget-text-editor.elementor-drop-cap-view-framed .elementor-drop-cap{color:#69727d;border:3px solid;background-color:transparent}.elementor-widget-text-editor:not(.elementor-drop-cap-view-default) .elementor-drop-cap{margin-top:8px}.elementor-widget-text-editor:not(.elementor-drop-cap-view-default) .elementor-drop-cap-letter{width:1em;height:1em}.elementor-widget-text-editor .elementor-drop-cap{float:left;text-align:center;line-height:1;font-size:50px}.elementor-widget-text-editor .elementor-drop-cap-letter{display:inline-block}<\/style>\t\t\t\t\t<div class=\"elementor-text-editor elementor-clearfix\">\n\t\t\t\tWe nurture and cultivate a sense pride in the work and create team leaders. Your growth chart will be governed by well-defined transparent policies of the firm. Apply via the form given below and meet us for face to face interview.\n\t\t\t\t\t<\/div>\n\t\t\t\t\t\t<\/div>\n\t\t\t\t<\/div>\n\t\t\t\t<div class=\"elementor-element elementor-element-826a265 elementor-widget elementor-widget-shortcode\" data-id=\"826a265\" data-element_type=\"widget\" data-widget_type=\"shortcode.default\">\n\t\t\t\t<div class=\"elementor-widget-container\">\n\t\t\t\t\t<div class=\"elementor-shortcode\"><div class=\"wpforms-container wpforms-container-full\" id=\"wpforms-912\"><form id=\"wpforms-form-912\" class=\"wpforms-validate wpforms-form wpforms-ajax-form\" data-formid=\"912\" method=\"post\" enctype=\"multipart\/form-data\" action=\"\/index.php\/wp-json\/wp\/v2\/pages\/918?wpforms_form_id=912\" data-token=\"6f8355bee1f1e16cf4c03ac35bf974c4\"><noscript class=\"wpforms-error-noscript\">Please enable JavaScript in your browser to complete this form.<\/noscript><div class=\"wpforms-field-container\"><div id=\"wpforms-912-field_14-container\" class=\"wpforms-field wpforms-field-layout\" data-field-id=\"14\"><label class=\"wpforms-field-label wpforms-label-hide\" for=\"wpforms-912-field_14\">Layout<\/label><div class=\"wpforms-field-layout-columns wpforms-field-layout-preset-50-50\"><div class=\"wpforms-layout-column wpforms-layout-column-50\"><div id=\"wpforms-912-field_1-container\" class=\"wpforms-field wpforms-field-text\" data-field-id=\"1\"><label class=\"wpforms-field-label\" for=\"wpforms-912-field_1\">First name<\/label><input type=\"text\" id=\"wpforms-912-field_1\" class=\"wpforms-field-large\" name=\"wpforms[fields][1]\" placeholder=\"First name\" ><\/div><div id=\"wpforms-912-field_3-container\" class=\"wpforms-field wpforms-field-text\" data-field-id=\"3\"><label class=\"wpforms-field-label\" for=\"wpforms-912-field_3\">Email<\/label><input type=\"text\" id=\"wpforms-912-field_3\" class=\"wpforms-field-large\" name=\"wpforms[fields][3]\" placeholder=\"Email\" ><\/div><div id=\"wpforms-912-field_5-container\" class=\"wpforms-field wpforms-field-select wpforms-field-select-style-classic\" data-field-id=\"5\"><label class=\"wpforms-field-label\" for=\"wpforms-912-field_5\">Gender<\/label><select id=\"wpforms-912-field_5\" class=\"wpforms-field-large\" name=\"wpforms[fields][5]\"><option value=\"Select\" >Select<\/option><option value=\"Male\" >Male<\/option><option value=\"Female\" >Female<\/option><\/select><\/div><div id=\"wpforms-912-field_8-container\" class=\"wpforms-field wpforms-field-date-time\" data-field-id=\"8\"><label class=\"wpforms-field-label\" for=\"wpforms-912-field_8\">Date Of Birth (DD\/MM\/YYYY)<\/label><div class=\"wpforms-datepicker-wrap\"><input type=\"text\" id=\"wpforms-912-field_8\" class=\"wpforms-field-date-time-date wpforms-datepicker wpforms-field-large\" data-date-format=\"m\/d\/Y\" data-disable-past-dates=\"0\" data-input=\"true\" name=\"wpforms[fields][8][date]\" placeholder=\"Date Of Birth (DD\/MM\/YYYY)*\" ><a title=\"Clear Date\" data-clear class=\"wpforms-datepicker-clear\" style=\"display:none;\"><\/a><\/div><\/div><div id=\"wpforms-912-field_9-container\" class=\"wpforms-field wpforms-field-url\" data-field-id=\"9\"><label class=\"wpforms-field-label\" for=\"wpforms-912-field_9\">Portfolio website<\/label><input type=\"url\" id=\"wpforms-912-field_9\" class=\"wpforms-field-large\" name=\"wpforms[fields][9]\" placeholder=\"http:\/\/\" ><\/div><\/div><div class=\"wpforms-layout-column wpforms-layout-column-50\"><div id=\"wpforms-912-field_2-container\" class=\"wpforms-field wpforms-field-text\" data-field-id=\"2\"><label class=\"wpforms-field-label\" for=\"wpforms-912-field_2\">Last name<\/label><input type=\"text\" id=\"wpforms-912-field_2\" class=\"wpforms-field-large\" name=\"wpforms[fields][2]\" placeholder=\"Last name * \" ><\/div><div id=\"wpforms-912-field_4-container\" class=\"wpforms-field wpforms-field-text\" data-field-id=\"4\"><label class=\"wpforms-field-label\" for=\"wpforms-912-field_4\">Mobile No<\/label><input type=\"text\" id=\"wpforms-912-field_4\" class=\"wpforms-field-large\" name=\"wpforms[fields][4]\" placeholder=\"Mobile No\" ><\/div><div id=\"wpforms-912-field_6-container\" class=\"wpforms-field wpforms-field-text\" data-field-id=\"6\"><label class=\"wpforms-field-label\" for=\"wpforms-912-field_6\">Position you are applying for<\/label><input type=\"text\" id=\"wpforms-912-field_6\" class=\"wpforms-field-large\" name=\"wpforms[fields][6]\" placeholder=\"Position you are applying for\" ><\/div><div id=\"wpforms-912-field_7-container\" class=\"wpforms-field wpforms-field-text\" data-field-id=\"7\"><label class=\"wpforms-field-label\" for=\"wpforms-912-field_7\">Highest Qualification<\/label><input type=\"text\" id=\"wpforms-912-field_7\" class=\"wpforms-field-large\" name=\"wpforms[fields][7]\" placeholder=\"Highest Qualification\" ><\/div><div id=\"wpforms-912-field_11-container\" class=\"wpforms-field wpforms-field-text\" data-field-id=\"11\"><label class=\"wpforms-field-label\" for=\"wpforms-912-field_11\">Last company you worked for<\/label><input type=\"text\" id=\"wpforms-912-field_11\" class=\"wpforms-field-large\" name=\"wpforms[fields][11]\" ><\/div><\/div><\/div><\/div><div id=\"wpforms-912-field_12-container\" class=\"wpforms-field wpforms-field-text\" data-field-id=\"12\"><label class=\"wpforms-field-label\" for=\"wpforms-912-field_12\">Years Of Experience Year <\/label><input type=\"text\" id=\"wpforms-912-field_12\" class=\"wpforms-field-large\" name=\"wpforms[fields][12]\" placeholder=\"Years Of Experience Year \" ><\/div><div id=\"wpforms-912-field_10-container\" class=\"wpforms-field wpforms-field-file-upload\" data-field-id=\"10\"><label class=\"wpforms-field-label\" for=\"wpforms-912-field_10\">Upload Resume *( Max size 1 mb )<\/label><div\n\t\tclass=\"wpforms-uploader\"\n\t\tdata-field-id=\"10\"\n\t\tdata-form-id=\"912\"\n\t\tdata-input-name=\"wpforms_912_10\"\n\t\tdata-extensions=\"jpg,jpeg,jpe,gif,png,bmp,tiff,tif,webp,avif,ico,heic,asf,asx,wmv,wmx,wm,avi,divx,mov,qt,mpeg,mpg,mpe,mp4,m4v,ogv,webm,mkv,3gp,3gpp,3g2,3gp2,txt,asc,c,cc,h,srt,csv,tsv,ics,rtx,css,vtt,mp3,m4a,m4b,aac,ra,ram,wav,ogg,oga,flac,mid,midi,wma,wax,mka,rtf,pdf,class,tar,zip,gz,gzip,rar,7z,psd,xcf,doc,pot,pps,ppt,wri,xla,xls,xlt,xlw,mpp,docx,docm,dotx,dotm,xlsx,xlsm,xlsb,xltx,xltm,xlam,pptx,pptm,ppsx,ppsm,potx,potm,ppam,sldx,sldm,onetoc,onetoc2,onepkg,oxps,xps,odt,odp,ods,odg,odc,odb,odf,wp,wpd,key,numbers,pages,svg,woff,woff2,ttf,otf,eot,redux\"\n\t\tdata-max-size=\"1610612736\"\n\t\tdata-max-file-number=\"1\"\n\t\tdata-post-max-size=\"1610612736\"\n\t\tdata-max-parallel-uploads=\"4\"\n\t\tdata-parallel-uploads=\"true\"\n\t\tdata-file-chunk-size=\"2097152\">\n\t<div class=\"dz-message\">\n\t\t<svg viewBox=\"0 0 1024 1024\" focusable=\"false\" data-icon=\"inbox\" width=\"50px\" height=\"50px\" fill=\"#b1b1b1\" aria-hidden=\"true\">\n\t\t\t<path d=\"M885.2 446.3l-.2-.8-112.2-285.1c-5-16.1-19.9-27.2-36.8-27.2H281.2c-17 0-32.1 11.3-36.9 27.6L139.4 443l-.3.7-.2.8c-1.3 4.9-1.7 9.9-1 14.8-.1 1.6-.2 3.2-.2 4.8V830a60.9 60.9 0 0 0 60.8 60.8h627.2c33.5 0 60.8-27.3 60.9-60.8V464.1c0-1.3 0-2.6-.1-3.7.4-4.9 0-9.6-1.3-14.1zm-295.8-43l-.3 15.7c-.8 44.9-31.8 75.1-77.1 75.1-22.1 0-41.1-7.1-54.8-20.6S436 441.2 435.6 419l-.3-15.7H229.5L309 210h399.2l81.7 193.3H589.4zm-375 76.8h157.3c24.3 57.1 76 90.8 140.4 90.8 33.7 0 65-9.4 90.3-27.2 22.2-15.6 39.5-37.4 50.7-63.6h156.5V814H214.4V480.1z\"><\/path>\n\t\t<\/svg>\n\t\t<span class=\"modern-title\">Click or drag a file to this area to upload.<\/span>\n\n\t\t\t<\/div>\n<\/div>\n<input\n\t\ttype=\"text\"\n\t\tautocomplete=\"off\"\n\t\tclass=\"dropzone-input\"\n\t\tstyle=\"position:absolute!important;clip:rect(0,0,0,0)!important;height:1px!important;width:1px!important;border:0!important;overflow:hidden!important;padding:0!important;margin:0!important;\"\n\t\tid=\"wpforms-912-field_10\"\n\t\tname=\"wpforms_912_10\" \t\tvalue=\"\">\n<\/div><div id=\"wpforms-912-field_13-container\" class=\"wpforms-field wpforms-field-textarea\" data-field-id=\"13\"><label class=\"wpforms-field-label\" for=\"wpforms-912-field_13\">Reference \/ Comments \/ Questions<\/label><textarea id=\"wpforms-912-field_13\" class=\"wpforms-field-small\" name=\"wpforms[fields][13]\" ><\/textarea><\/div><\/div><div class=\"wpforms-submit-container\"><input type=\"hidden\" name=\"wpforms[id]\" value=\"912\"><input type=\"hidden\" name=\"wpforms[author]\" value=\"1\"><button type=\"submit\" name=\"wpforms[submit]\" id=\"wpforms-submit-912\" class=\"wpforms-submit\" data-alt-text=\"Sending...\" data-submit-text=\"Submit\" aria-live=\"assertive\" value=\"wpforms-submit\">Submit<\/button><img loading=\"lazy\" decoding=\"async\" src=\"https:\/\/bestowconsultancy.com\/wp-content\/plugins\/wpforms\/assets\/images\/submit-spin.svg\" class=\"wpforms-submit-spinner\" style=\"display: none;\" width=\"26\" height=\"26\" alt=\"Loading\"><\/div><\/form><\/div>  <!-- .wpforms-container --><\/div>\n\t\t\t\t<\/div>\n\t\t\t\t<\/div>\n\t\t\t\t\t\t<\/div>\n\t\t\t\t\t<\/div>\n\t\t<\/div>\n\t\t\t\t\t\t\t\t<\/div>\n\t\t\t\t\t<\/div>\n\t\t<\/section>\n\t\t\t\t\t\t\t\t\t<\/div>\n\t\t\t<\/div>\n\t\t\t\t\t<\/div>\n\t\t","protected":false},"excerpt":{"rendered":"<p>M\u00e9todos de transacci\u00f3n Viva Wallet r\u00e1pido. Al utilizar un sitio web certificado, los amantes del juego jugar con total confianza. Reembolso semanal para jugadores fieles. \u00daltimamente online mundo juegos de azar r\u00e1pido, r\u00e1pido, significativo y espectacular crecimiento. aumento en los \u00faltimos periodos. Mundo Casino Invita a jugadores y Disfruta de los momentos con otros. Casino [&hellip;]<\/p>\n","protected":false},"author":1,"featured_media":0,"parent":0,"menu_order":0,"comment_status":"closed","ping_status":"closed","template":"","meta":{"footnotes":""},"_links":{"self":[{"href":"https:\/\/bestowconsultancy.com\/index.php\/wp-json\/wp\/v2\/pages\/918"}],"collection":[{"href":"https:\/\/bestowconsultancy.com\/index.php\/wp-json\/wp\/v2\/pages"}],"about":[{"href":"https:\/\/bestowconsultancy.com\/index.php\/wp-json\/wp\/v2\/types\/page"}],"author":[{"embeddable":true,"href":"https:\/\/bestowconsultancy.com\/index.php\/wp-json\/wp\/v2\/users\/1"}],"replies":[{"embeddable":true,"href":"https:\/\/bestowconsultancy.com\/index.php\/wp-json\/wp\/v2\/comments?post=918"}],"version-history":[{"count":6,"href":"https:\/\/bestowconsultancy.com\/index.php\/wp-json\/wp\/v2\/pages\/918\/revisions"}],"predecessor-version":[{"id":1450,"href":"https:\/\/bestowconsultancy.com\/index.php\/wp-json\/wp\/v2\/pages\/918\/revisions\/1450"}],"wp:attachment":[{"href":"https:\/\/bestowconsultancy.com\/index.php\/wp-json\/wp\/v2\/media?parent=918"}],"curies":[{"name":"wp","href":"https:\/\/api.w.org\/{rel}","templated":true}]}}